{"id":661,"date":"2025-07-15T20:06:59","date_gmt":"2025-07-15T20:06:59","guid":{"rendered":"https:\/\/cirtaoil.com\/projects\/"},"modified":"2025-07-17T10:11:52","modified_gmt":"2025-07-17T10:11:52","slug":"products","status":"publish","type":"page","link":"https:\/\/cirtaoil.com\/fr\/products\/","title":{"rendered":"Produits"},"content":{"rendered":"<div data-elementor-type=\"wp-post\" data-elementor-id=\"661\" class=\"elementor elementor-661\">\n\t\t\t\t<div class=\"elementor-element elementor-element-eaaf00e e-flex e-con-boxed e-con e-parent\" data-id=\"eaaf00e\" data-element_type=\"container\" data-settings=\"{&quot;background_background&quot;:&quot;classic&quot;}\">\n\t\t\t\t\t<div class=\"e-con-inner\">\n\t\t<div class=\"elementor-element elementor-element-4546c4d e-con-full e-flex e-con e-child\" data-id=\"4546c4d\" data-element_type=\"container\">\n\t\t\t\t<div class=\"elementor-element elementor-element-67b8119 elementor-widget elementor-widget-heading\" data-id=\"67b8119\" data-element_type=\"widget\" data-widget_type=\"heading.default\">\n\t\t\t\t\t<h5 class=\"elementor-heading-title elementor-size-default\">D\u00e9couvrez nos<\/h5>\t\t\t\t<\/div>\n\t\t\t\t<div class=\"elementor-element elementor-element-66f1108 elementor-widget elementor-widget-heading\" data-id=\"66f1108\" data-element_type=\"widget\" data-widget_type=\"heading.default\">\n\t\t\t\t\t<h1 class=\"elementor-heading-title elementor-size-default\">Produits<\/h1>\t\t\t\t<\/div>\n\t\t\t\t<\/div>\n\t\t\t\t\t<\/div>\n\t\t\t\t<\/div>\n\t\t<div class=\"elementor-element elementor-element-288c1a8 e-flex e-con-boxed e-con e-parent\" data-id=\"288c1a8\" data-element_type=\"container\" data-settings=\"{&quot;background_background&quot;:&quot;classic&quot;}\">\n\t\t\t\t\t<div class=\"e-con-inner\">\n\t\t<div class=\"elementor-element elementor-element-bdbda61 e-con-full e-flex e-con e-child\" data-id=\"bdbda61\" data-element_type=\"container\">\n\t\t\t\t<div class=\"elementor-element elementor-element-7f4abdd elementor-widget elementor-widget-heading\" data-id=\"7f4abdd\" data-element_type=\"widget\" data-widget_type=\"heading.default\">\n\t\t\t\t\t<h5 class=\"elementor-heading-title elementor-size-default\">Produits<\/h5>\t\t\t\t<\/div>\n\t\t\t\t<div class=\"elementor-element elementor-element-213affc elementor-widget elementor-widget-heading\" data-id=\"213affc\" data-element_type=\"widget\" data-widget_type=\"heading.default\">\n\t\t\t\t\t<h2 class=\"elementor-heading-title elementor-size-default\">D\u00e9couvrez nos produits<\/h2>\t\t\t\t<\/div>\n\t\t\t\t<div class=\"elementor-element elementor-element-1bbc748 elementor-widget-divider--view-line elementor-widget elementor-widget-divider\" data-id=\"1bbc748\" data-element_type=\"widget\" data-widget_type=\"divider.default\">\n\t\t\t\t\t\t\t<div class=\"elementor-divider\">\n\t\t\t<span class=\"elementor-divider-separator\">\n\t\t\t\t\t\t<\/span>\n\t\t<\/div>\n\t\t\t\t\t\t<\/div>\n\t\t\t\t<\/div>\n\t\t<div class=\"elementor-element elementor-element-20b7863 e-con-full e-flex e-con e-child\" data-id=\"20b7863\" data-element_type=\"container\">\n\t\t\t\t<div class=\"elementor-element elementor-element-4ff4dae elementor-widget elementor-widget-text-editor\" data-id=\"4ff4dae\" data-element_type=\"widget\" data-widget_type=\"text-editor.default\">\n\t\t\t\t\t\t\t\t\t<div class=\"elementor-element elementor-element-26f81aa e-con-full e-flex e-con e-child\" data-id=\"26f81aa\" data-element_type=\"container\"><div class=\"elementor-element elementor-element-d507ec8 elementor-widget-divider--view-line elementor-widget elementor-widget-divider\" data-id=\"d507ec8\" data-element_type=\"widget\" data-widget_type=\"divider.default\"><div class=\"elementor-divider\"><span style=\"font-size: 16px;\">D\u00e9couvrez notre gamme d\u2019huiles essentielles et v\u00e9g\u00e9tales extraites \u00e0 froid, \u00e9labor\u00e9es \u00e0 partir des meilleurs ingr\u00e9dients naturels. Pures, biologiques et fabriqu\u00e9es avec soin en Kabylie.<\/span><\/div><\/div><\/div>\t\t\t\t\t\t\t\t<\/div>\n\t\t\t\t<\/div>\n\t\t\t\t\t<\/div>\n\t\t\t\t<\/div>\n\t\t<div class=\"elementor-element elementor-element-558b191 e-flex e-con-boxed e-con e-parent\" data-id=\"558b191\" data-element_type=\"container\">\n\t\t\t\t\t<div class=\"e-con-inner\">\n\t\t\t\t<div class=\"elementor-element elementor-element-2e2b674 elementor-widget elementor-widget-shortcode\" data-id=\"2e2b674\" data-element_type=\"widget\" data-widget_type=\"shortcode.default\">\n\t\t\t\t\t\t\t<div class=\"elementor-shortcode\"><div class=\"woocommerce columns-3\"><ul class=\"products columns-3\">\n<li class=\"desktop-align-center tablet-align-center mobile-align-center product type-product post-1404 status-publish first instock product_cat-non-classe has-post-thumbnail shipping-taxable product-type-simple\">\n\t<a href=\"https:\/\/cirtaoil.com\/fr\/produit\/huile-dolive\/\" class=\"woocommerce-LoopProduct-link woocommerce-loop-product__link\"><img fetchpriority=\"high\" decoding=\"async\" width=\"300\" height=\"450\" src=\"https:\/\/cirtaoil.com\/wp-content\/uploads\/2025\/07\/WhatsApp-Image-2025-07-05-at-10.56.56_84d44579-300x450.jpg\" class=\"attachment-woocommerce_thumbnail size-woocommerce_thumbnail\" alt=\"huile d&#039;olive extra vierge\" srcset=\"https:\/\/cirtaoil.com\/wp-content\/uploads\/2025\/07\/WhatsApp-Image-2025-07-05-at-10.56.56_84d44579-300x450.jpg 300w, https:\/\/cirtaoil.com\/wp-content\/uploads\/2025\/07\/WhatsApp-Image-2025-07-05-at-10.56.56_84d44579-200x300.jpg 200w, https:\/\/cirtaoil.com\/wp-content\/uploads\/2025\/07\/WhatsApp-Image-2025-07-05-at-10.56.56_84d44579-683x1024.jpg 683w, https:\/\/cirtaoil.com\/wp-content\/uploads\/2025\/07\/WhatsApp-Image-2025-07-05-at-10.56.56_84d44579-8x12.jpg 8w, https:\/\/cirtaoil.com\/wp-content\/uploads\/2025\/07\/WhatsApp-Image-2025-07-05-at-10.56.56_84d44579-596x894.jpg 596w, https:\/\/cirtaoil.com\/wp-content\/uploads\/2025\/07\/WhatsApp-Image-2025-07-05-at-10.56.56_84d44579.jpg 720w\" sizes=\"(max-width: 300px) 100vw, 300px\" \/><h2 class=\"woocommerce-loop-product__title\">HUILE D&#8217;OLIVE<\/h2><div class=\"review-rating\"><div class=\"star-rating\"><span style=\"width:0%\" data-no-translation=\"\" data-trp-gettext=\"\">Note <strong class=\"rating\">0<\/strong> sur 5<\/span><\/div><\/div>\n<\/a><a href=\"https:\/\/cirtaoil.com\/fr\/produit\/huile-dolive\/\" aria-describedby=\"woocommerce_loop_add_to_cart_link_describedby_1404\" data-quantity=\"1\" class=\"button product_type_simple\" data-product_id=\"1404\" data-product_sku=\"\" aria-label=\"En savoir plus sur \u201cHUILE D&#039;OLIVE\u201d\" rel=\"nofollow\" data-success_message=\"\" data-no-translation=\"\" data-trp-gettext=\"\" data-no-translation-aria-label=\"\">Lire la suite<\/a>\t<span id=\"woocommerce_loop_add_to_cart_link_describedby_1404\" class=\"screen-reader-text\">\n\t\t\t<\/span>\n<\/li>\n<li class=\"desktop-align-center tablet-align-center mobile-align-center product type-product post-1401 status-publish instock product_cat-non-classe has-post-thumbnail shipping-taxable product-type-simple\">\n\t<a href=\"https:\/\/cirtaoil.com\/fr\/produit\/huile-de-romarin\/\" class=\"woocommerce-LoopProduct-link woocommerce-loop-product__link\"><img decoding=\"async\" width=\"300\" height=\"450\" src=\"https:\/\/cirtaoil.com\/wp-content\/uploads\/2025\/07\/WhatsApp-Image-2025-07-05-at-10.56.55_aceee0a1-300x450.jpg\" class=\"attachment-woocommerce_thumbnail size-woocommerce_thumbnail\" alt=\"huile d&#039;olive extra vierge\" srcset=\"https:\/\/cirtaoil.com\/wp-content\/uploads\/2025\/07\/WhatsApp-Image-2025-07-05-at-10.56.55_aceee0a1-300x450.jpg 300w, https:\/\/cirtaoil.com\/wp-content\/uploads\/2025\/07\/WhatsApp-Image-2025-07-05-at-10.56.55_aceee0a1-200x300.jpg 200w, https:\/\/cirtaoil.com\/wp-content\/uploads\/2025\/07\/WhatsApp-Image-2025-07-05-at-10.56.55_aceee0a1-683x1024.jpg 683w, https:\/\/cirtaoil.com\/wp-content\/uploads\/2025\/07\/WhatsApp-Image-2025-07-05-at-10.56.55_aceee0a1-8x12.jpg 8w, https:\/\/cirtaoil.com\/wp-content\/uploads\/2025\/07\/WhatsApp-Image-2025-07-05-at-10.56.55_aceee0a1-596x894.jpg 596w, https:\/\/cirtaoil.com\/wp-content\/uploads\/2025\/07\/WhatsApp-Image-2025-07-05-at-10.56.55_aceee0a1.jpg 720w\" sizes=\"(max-width: 300px) 100vw, 300px\" \/><h2 class=\"woocommerce-loop-product__title\">HUILE DE ROMARIN<\/h2><div class=\"review-rating\"><div class=\"star-rating\"><span style=\"width:0%\" data-no-translation=\"\" data-trp-gettext=\"\">Note <strong class=\"rating\">0<\/strong> sur 5<\/span><\/div><\/div>\n<\/a><a href=\"https:\/\/cirtaoil.com\/fr\/produit\/huile-de-romarin\/\" aria-describedby=\"woocommerce_loop_add_to_cart_link_describedby_1401\" data-quantity=\"1\" class=\"button product_type_simple\" data-product_id=\"1401\" data-product_sku=\"\" aria-label=\"En savoir plus sur \u201cHUILE DE ROMARIN\u201d\" rel=\"nofollow\" data-success_message=\"\" data-no-translation=\"\" data-trp-gettext=\"\" data-no-translation-aria-label=\"\">Lire la suite<\/a>\t<span id=\"woocommerce_loop_add_to_cart_link_describedby_1401\" class=\"screen-reader-text\">\n\t\t\t<\/span>\n<\/li>\n<li class=\"desktop-align-center tablet-align-center mobile-align-center product type-product post-1326 status-publish last instock product_cat-non-classe has-post-thumbnail shipping-taxable product-type-simple\">\n\t<a href=\"https:\/\/cirtaoil.com\/fr\/produit\/huile-de-figue-de-barbarie\/\" class=\"woocommerce-LoopProduct-link woocommerce-loop-product__link\"><img decoding=\"async\" width=\"300\" height=\"450\" src=\"https:\/\/cirtaoil.com\/wp-content\/uploads\/2025\/07\/WhatsApp-Image-2025-07-05-at-10.56.55_d6a8515f-300x450.jpg\" class=\"attachment-woocommerce_thumbnail size-woocommerce_thumbnail\" alt=\"huile de figue de barbarie\" srcset=\"https:\/\/cirtaoil.com\/wp-content\/uploads\/2025\/07\/WhatsApp-Image-2025-07-05-at-10.56.55_d6a8515f-300x450.jpg 300w, https:\/\/cirtaoil.com\/wp-content\/uploads\/2025\/07\/WhatsApp-Image-2025-07-05-at-10.56.55_d6a8515f-596x894.jpg 596w, https:\/\/cirtaoil.com\/wp-content\/uploads\/2025\/07\/WhatsApp-Image-2025-07-05-at-10.56.55_d6a8515f-200x300.jpg 200w, https:\/\/cirtaoil.com\/wp-content\/uploads\/2025\/07\/WhatsApp-Image-2025-07-05-at-10.56.55_d6a8515f-683x1024.jpg 683w, https:\/\/cirtaoil.com\/wp-content\/uploads\/2025\/07\/WhatsApp-Image-2025-07-05-at-10.56.55_d6a8515f.jpg 720w\" sizes=\"(max-width: 300px) 100vw, 300px\" \/><h2 class=\"woocommerce-loop-product__title\">Huile de figue de barbarie Bio<\/h2><div class=\"review-rating\"><div class=\"star-rating\"><span style=\"width:0%\" data-no-translation=\"\" data-trp-gettext=\"\">Note <strong class=\"rating\">0<\/strong> sur 5<\/span><\/div><\/div>\n<\/a><a href=\"https:\/\/cirtaoil.com\/fr\/produit\/huile-de-figue-de-barbarie\/\" aria-describedby=\"woocommerce_loop_add_to_cart_link_describedby_1326\" data-quantity=\"1\" class=\"button product_type_simple\" data-product_id=\"1326\" data-product_sku=\"\" aria-label=\"En savoir plus sur \u201cHuile de figue de barbarie Bio\u201d\" rel=\"nofollow\" data-success_message=\"\" data-no-translation=\"\" data-trp-gettext=\"\" data-no-translation-aria-label=\"\">Lire la suite<\/a>\t<span id=\"woocommerce_loop_add_to_cart_link_describedby_1326\" class=\"screen-reader-text\">\n\t\t\t<\/span>\n<\/li>\n<\/ul>\n<\/div><\/div>\n\t\t\t\t\t\t<\/div>\n\t\t\t\t\t<\/div>\n\t\t\t\t<\/div>\n\t\t\t\t<\/div>","protected":false},"excerpt":{"rendered":"<p>Discover Our Products Products Have a Look at Our Products Discover our range of cold-extracted essential and vegetable oils, made from the finest natural ingredients. Pure, organic, and crafted with care in Kabylie.<\/p>","protected":false},"author":1,"featured_media":0,"parent":0,"menu_order":0,"comment_status":"closed","ping_status":"closed","template":"","meta":{"site-sidebar-layout":"no-sidebar","site-content-layout":"page-builder","ast-site-content-layout":"default","site-content-style":"default","site-sidebar-style":"default","ast-global-header-display":"","ast-banner-title-visibility":"","ast-main-header-display":"","ast-hfb-above-header-display":"","ast-hfb-below-header-display":"","ast-hfb-mobile-header-display":"","site-post-title":"disabled","ast-breadcrumbs-content":"","ast-featured-img":"disabled","footer-sml-layout":"","theme-transparent-header-meta":"enabled","adv-header-id-meta":"","stick-header-meta":"","header-above-stick-meta":"","header-main-stick-meta":"","header-below-stick-meta":"","astra-migrate-meta-layouts":"default","ast-page-background-enabled":"default","ast-page-background-meta":{"desktop":{"background-color":"","background-image":"","background-repeat":"repeat","background-position":"center center","background-size":"auto","background-attachment":"scroll","background-type":"","background-media":"","overlay-type":"","overlay-color":"","overlay-opacity":"","overlay-gradient":""},"tablet":{"background-color":"","background-image":"","background-repeat":"repeat","background-position":"center center","background-size":"auto","background-attachment":"scroll","background-type":"","background-media":"","overlay-type":"","overlay-color":"","overlay-opacity":"","overlay-gradient":""},"mobile":{"background-color":"","background-image":"","background-repeat":"repeat","background-position":"center center","background-size":"auto","background-attachment":"scroll","background-type":"","background-media":"","overlay-type":"","overlay-color":"","overlay-opacity":"","overlay-gradient":""}},"ast-content-background-meta":{"desktop":{"background-color":"var(--ast-global-color-5)","background-image":"","background-repeat":"repeat","background-position":"center center","background-size":"auto","background-attachment":"scroll","background-type":"","background-media":"","overlay-type":"","overlay-color":"","overlay-opacity":"","overlay-gradient":""},"tablet":{"background-color":"var(--ast-global-color-5)","background-image":"","background-repeat":"repeat","background-position":"center center","background-size":"auto","background-attachment":"scroll","background-type":"","background-media":"","overlay-type":"","overlay-color":"","overlay-opacity":"","overlay-gradient":""},"mobile":{"background-color":"var(--ast-global-color-5)","background-image":"","background-repeat":"repeat","background-position":"center center","background-size":"auto","background-attachment":"scroll","background-type":"","background-media":"","overlay-type":"","overlay-color":"","overlay-opacity":"","overlay-gradient":""}},"footnotes":""},"class_list":["post-661","page","type-page","status-publish","hentry"],"_links":{"self":[{"href":"https:\/\/cirtaoil.com\/fr\/wp-json\/wp\/v2\/pages\/661","targetHints":{"allow":["GET"]}}],"collection":[{"href":"https:\/\/cirtaoil.com\/fr\/wp-json\/wp\/v2\/pages"}],"about":[{"href":"https:\/\/cirtaoil.com\/fr\/wp-json\/wp\/v2\/types\/page"}],"author":[{"embeddable":true,"href":"https:\/\/cirtaoil.com\/fr\/wp-json\/wp\/v2\/users\/1"}],"replies":[{"embeddable":true,"href":"https:\/\/cirtaoil.com\/fr\/wp-json\/wp\/v2\/comments?post=661"}],"version-history":[{"count":0,"href":"https:\/\/cirtaoil.com\/fr\/wp-json\/wp\/v2\/pages\/661\/revisions"}],"wp:attachment":[{"href":"https:\/\/cirtaoil.com\/fr\/wp-json\/wp\/v2\/media?parent=661"}],"curies":[{"name":"wp","href":"https:\/\/api.w.org\/{rel}","templated":true}]}}