{"id":659,"date":"2025-07-15T20:06:59","date_gmt":"2025-07-15T20:06:59","guid":{"rendered":"https:\/\/cirtaoil.com\/about\/"},"modified":"2025-07-17T07:37:25","modified_gmt":"2025-07-17T07:37:25","slug":"about","status":"publish","type":"page","link":"https:\/\/cirtaoil.com\/fr\/about\/","title":{"rendered":"\u00c0 propos"},"content":{"rendered":"<div data-elementor-type=\"wp-post\" data-elementor-id=\"659\" class=\"elementor elementor-659\">\n\t\t\t\t<div class=\"elementor-element elementor-element-28756bf e-flex e-con-boxed e-con e-parent\" data-id=\"28756bf\" data-element_type=\"container\" data-settings=\"{&quot;background_background&quot;:&quot;classic&quot;}\">\n\t\t\t\t\t<div class=\"e-con-inner\">\n\t\t<div class=\"elementor-element elementor-element-fc4258e e-con-full e-flex e-con e-child\" data-id=\"fc4258e\" data-element_type=\"container\">\n\t\t\t\t<div class=\"elementor-element elementor-element-802e70a elementor-widget elementor-widget-heading\" data-id=\"802e70a\" data-element_type=\"widget\" data-widget_type=\"heading.default\">\n\t\t\t\t\t<h5 class=\"elementor-heading-title elementor-size-default\">Quelques mots<\/h5>\t\t\t\t<\/div>\n\t\t\t\t<div class=\"elementor-element elementor-element-df009b4 elementor-widget elementor-widget-heading\" data-id=\"df009b4\" data-element_type=\"widget\" data-widget_type=\"heading.default\">\n\t\t\t\t\t<h1 class=\"elementor-heading-title elementor-size-default\">\u00c0 propos de nous<\/h1>\t\t\t\t<\/div>\n\t\t\t\t<\/div>\n\t\t\t\t\t<\/div>\n\t\t\t\t<\/div>\n\t\t<div class=\"elementor-element elementor-element-8297cfa e-flex e-con-boxed e-con e-parent\" data-id=\"8297cfa\" data-element_type=\"container\" data-settings=\"{&quot;background_background&quot;:&quot;classic&quot;}\">\n\t\t\t\t\t<div class=\"e-con-inner\">\n\t\t<div class=\"elementor-element elementor-element-3889d80 e-con-full e-flex e-con e-child\" data-id=\"3889d80\" data-element_type=\"container\">\n\t\t\t\t<div class=\"elementor-element elementor-element-e5e702b elementor-widget elementor-widget-heading\" data-id=\"e5e702b\" data-element_type=\"widget\" data-widget_type=\"heading.default\">\n\t\t\t\t\t<h5 class=\"elementor-heading-title elementor-size-default\">Bienvenue<\/h5>\t\t\t\t<\/div>\n\t\t\t\t<div class=\"elementor-element elementor-element-717dbb5 elementor-widget elementor-widget-heading\" data-id=\"717dbb5\" data-element_type=\"widget\" data-widget_type=\"heading.default\">\n\t\t\t\t\t<h2 class=\"elementor-heading-title elementor-size-default\">Quelques mots \u00e0 propos de nous<\/h2>\t\t\t\t<\/div>\n\t\t\t\t<div class=\"elementor-element elementor-element-9d2dae1 elementor-widget-divider--view-line elementor-widget elementor-widget-divider\" data-id=\"9d2dae1\" data-element_type=\"widget\" data-widget_type=\"divider.default\">\n\t\t\t\t\t\t\t<div class=\"elementor-divider\">\n\t\t\t<span class=\"elementor-divider-separator\">\n\t\t\t\t\t\t<\/span>\n\t\t<\/div>\n\t\t\t\t\t\t<\/div>\n\t\t\t\t<\/div>\n\t\t<div class=\"elementor-element elementor-element-4ac8d54 e-con-full e-flex e-con e-child\" data-id=\"4ac8d54\" data-element_type=\"container\">\n\t\t\t\t<div class=\"elementor-element elementor-element-c6fc8e2 elementor-widget elementor-widget-text-editor\" data-id=\"c6fc8e2\" data-element_type=\"widget\" data-widget_type=\"text-editor.default\">\n\t\t\t\t\t\t\t\t\t<p data-start=\"349\" data-end=\"467\">Cirta Oil est une entreprise bas\u00e9e en Kabylie, d\u00e9di\u00e9e \u00e0 la production et \u00e0 l\u2019exportation d\u2019huiles essentielles et v\u00e9g\u00e9tales de haute qualit\u00e9.<\/p><p data-start=\"474\" data-end=\"613\">Nous utilisons des m\u00e9thodes d\u2019extraction \u00e0 froid pour pr\u00e9server tous les principes actifs des plantes, offrant des produits 100 % purs, naturels et biologiques.<\/p><p data-start=\"620\" data-end=\"750\">Notre engagement va au-del\u00e0 de la qualit\u00e9 \u2014 nous privil\u00e9gions la responsabilit\u00e9 environnementale, le savoir-faire traditionnel et la biodiversit\u00e9 locale.<\/p>\t\t\t\t\t\t\t\t<\/div>\n\t\t\t\t<\/div>\n\t\t\t\t\t<\/div>\n\t\t\t\t<\/div>\n\t\t<div class=\"elementor-element elementor-element-5cc8296 e-con-full e-flex e-con e-parent\" data-id=\"5cc8296\" data-element_type=\"container\">\n\t\t<div class=\"elementor-element elementor-element-21d354d e-con-full e-flex e-con e-child\" data-id=\"21d354d\" data-element_type=\"container\" data-settings=\"{&quot;background_background&quot;:&quot;classic&quot;}\">\n\t\t\t\t<div class=\"elementor-element elementor-element-84ec67f elementor-widget elementor-widget-image\" data-id=\"84ec67f\" data-element_type=\"widget\" data-widget_type=\"image.default\">\n\t\t\t\t\t\t\t\t\t\t\t\t\t\t\t<img fetchpriority=\"high\" decoding=\"async\" width=\"1024\" height=\"683\" src=\"https:\/\/cirtaoil.com\/wp-content\/uploads\/2025\/07\/ChatGPT-Image-Jul-16-2025-09_01_05-AM-1024x683.png\" class=\"attachment-large size-large wp-image-1206\" alt=\"chatgpt image jul 16, 2025, 09 01 05 am\" srcset=\"https:\/\/cirtaoil.com\/wp-content\/uploads\/2025\/07\/ChatGPT-Image-Jul-16-2025-09_01_05-AM-1024x683.png 1024w, https:\/\/cirtaoil.com\/wp-content\/uploads\/2025\/07\/ChatGPT-Image-Jul-16-2025-09_01_05-AM-300x200.png 300w, https:\/\/cirtaoil.com\/wp-content\/uploads\/2025\/07\/ChatGPT-Image-Jul-16-2025-09_01_05-AM-596x397.png 596w, https:\/\/cirtaoil.com\/wp-content\/uploads\/2025\/07\/ChatGPT-Image-Jul-16-2025-09_01_05-AM-768x512.png 768w, https:\/\/cirtaoil.com\/wp-content\/uploads\/2025\/07\/ChatGPT-Image-Jul-16-2025-09_01_05-AM.png 1536w\" sizes=\"(max-width: 1024px) 100vw, 1024px\" \/>\t\t\t\t\t\t\t\t\t\t\t\t\t\t\t<\/div>\n\t\t\t\t<\/div>\n\t\t<div class=\"elementor-element elementor-element-5f5a69f e-con-full e-flex e-con e-child\" data-id=\"5f5a69f\" data-element_type=\"container\" data-settings=\"{&quot;background_background&quot;:&quot;classic&quot;}\">\n\t\t\t\t<div class=\"elementor-element elementor-element-8e63b0a elementor-widget elementor-widget-image\" data-id=\"8e63b0a\" data-element_type=\"widget\" data-widget_type=\"image.default\">\n\t\t\t\t\t\t\t\t\t\t\t\t\t\t\t<img decoding=\"async\" width=\"1024\" height=\"683\" src=\"https:\/\/cirtaoil.com\/wp-content\/uploads\/2025\/07\/ChatGPT-Image-Jul-15-2025-11_20_41-PM-1024x683.png\" class=\"attachment-large size-large wp-image-1159\" alt=\"chatgpt image jul 15, 2025, 11 20 41 pm\" srcset=\"https:\/\/cirtaoil.com\/wp-content\/uploads\/2025\/07\/ChatGPT-Image-Jul-15-2025-11_20_41-PM-1024x683.png 1024w, https:\/\/cirtaoil.com\/wp-content\/uploads\/2025\/07\/ChatGPT-Image-Jul-15-2025-11_20_41-PM-300x200.png 300w, https:\/\/cirtaoil.com\/wp-content\/uploads\/2025\/07\/ChatGPT-Image-Jul-15-2025-11_20_41-PM-596x397.png 596w, https:\/\/cirtaoil.com\/wp-content\/uploads\/2025\/07\/ChatGPT-Image-Jul-15-2025-11_20_41-PM-768x512.png 768w, https:\/\/cirtaoil.com\/wp-content\/uploads\/2025\/07\/ChatGPT-Image-Jul-15-2025-11_20_41-PM.png 1536w\" sizes=\"(max-width: 1024px) 100vw, 1024px\" \/>\t\t\t\t\t\t\t\t\t\t\t\t\t\t\t<\/div>\n\t\t\t\t<\/div>\n\t\t\t\t<\/div>\n\t\t<div class=\"elementor-element elementor-element-e954ff9 e-flex e-con-boxed e-con e-parent\" data-id=\"e954ff9\" data-element_type=\"container\" data-settings=\"{&quot;background_background&quot;:&quot;classic&quot;}\">\n\t\t\t\t\t<div class=\"e-con-inner\">\n\t\t<div class=\"elementor-element elementor-element-cbddb06 e-con-full e-flex e-con e-child\" data-id=\"cbddb06\" data-element_type=\"container\">\n\t\t\t\t<div class=\"elementor-element elementor-element-244fe57 elementor-widget elementor-widget-counter\" data-id=\"244fe57\" data-element_type=\"widget\" data-widget_type=\"counter.default\">\n\t\t\t\t\t\t\t<div class=\"elementor-counter\">\n\t\t\t<div class=\"elementor-counter-title\">Produits<\/div>\t\t\t<div class=\"elementor-counter-number-wrapper\">\n\t\t\t\t<span class=\"elementor-counter-number-prefix\"><\/span>\n\t\t\t\t<span class=\"elementor-counter-number\" data-duration=\"2000\" data-to-value=\"30\" data-from-value=\"0\" data-delimiter=\",\">0<\/span>\n\t\t\t\t<span class=\"elementor-counter-number-suffix\">+<\/span>\n\t\t\t<\/div>\n\t\t<\/div>\n\t\t\t\t\t\t<\/div>\n\t\t\t\t<\/div>\n\t\t<div class=\"elementor-element elementor-element-e03d781 e-con-full e-flex e-con e-child\" data-id=\"e03d781\" data-element_type=\"container\">\n\t\t\t\t<div class=\"elementor-element elementor-element-7e367b7 elementor-widget elementor-widget-counter\" data-id=\"7e367b7\" data-element_type=\"widget\" data-widget_type=\"counter.default\">\n\t\t\t\t\t\t\t<div class=\"elementor-counter\">\n\t\t\t<div class=\"elementor-counter-title\">Clients satisfaits<\/div>\t\t\t<div class=\"elementor-counter-number-wrapper\">\n\t\t\t\t<span class=\"elementor-counter-number-prefix\"><\/span>\n\t\t\t\t<span class=\"elementor-counter-number\" data-duration=\"2000\" data-to-value=\"100\" data-from-value=\"0\" data-delimiter=\",\">0<\/span>\n\t\t\t\t<span class=\"elementor-counter-number-suffix\"><\/span>\n\t\t\t<\/div>\n\t\t<\/div>\n\t\t\t\t\t\t<\/div>\n\t\t\t\t<\/div>\n\t\t<div class=\"elementor-element elementor-element-45df81b e-con-full e-flex e-con e-child\" data-id=\"45df81b\" data-element_type=\"container\">\n\t\t\t\t<div class=\"elementor-element elementor-element-8af6176 elementor-widget elementor-widget-counter\" data-id=\"8af6176\" data-element_type=\"widget\" data-widget_type=\"counter.default\">\n\t\t\t\t\t\t\t<div class=\"elementor-counter\">\n\t\t\t<div class=\"elementor-counter-title\">Cat\u00e9gorie d\u2019huile<\/div>\t\t\t<div class=\"elementor-counter-number-wrapper\">\n\t\t\t\t<span class=\"elementor-counter-number-prefix\"><\/span>\n\t\t\t\t<span class=\"elementor-counter-number\" data-duration=\"2000\" data-to-value=\"10\" data-from-value=\"0\">0<\/span>\n\t\t\t\t<span class=\"elementor-counter-number-suffix\">+<\/span>\n\t\t\t<\/div>\n\t\t<\/div>\n\t\t\t\t\t\t<\/div>\n\t\t\t\t<\/div>\n\t\t\t\t\t<\/div>\n\t\t\t\t<\/div>\n\t\t\t\t<\/div>","protected":false},"excerpt":{"rendered":"<p>A Few Words About Us Welcome A Few Words About Us Cirta Oil is a Kabylie-based company dedicated to producing and exporting high-quality essential and vegetable oils. We use cold extraction methods to preserve all the active ingredients of the plants, delivering 100% pure, natural, and organic products. Our commitment extends beyond quality \u2014 we [&hellip;]<\/p>","protected":false},"author":1,"featured_media":0,"parent":0,"menu_order":0,"comment_status":"closed","ping_status":"closed","template":"","meta":{"site-sidebar-layout":"no-sidebar","site-content-layout":"page-builder","ast-site-content-layout":"default","site-content-style":"default","site-sidebar-style":"default","ast-global-header-display":"","ast-banner-title-visibility":"","ast-main-header-display":"","ast-hfb-above-header-display":"","ast-hfb-below-header-display":"","ast-hfb-mobile-header-display":"","site-post-title":"disabled","ast-breadcrumbs-content":"","ast-featured-img":"disabled","footer-sml-layout":"","theme-transparent-header-meta":"enabled","adv-header-id-meta":"","stick-header-meta":"","header-above-stick-meta":"","header-main-stick-meta":"","header-below-stick-meta":"","astra-migrate-meta-layouts":"default","ast-page-background-enabled":"default","ast-page-background-meta":{"desktop":{"background-color":"","background-image":"","background-repeat":"repeat","background-position":"center center","background-size":"auto","background-attachment":"scroll","background-type":"","background-media":"","overlay-type":"","overlay-color":"","overlay-opacity":"","overlay-gradient":""},"tablet":{"background-color":"","background-image":"","background-repeat":"repeat","background-position":"center center","background-size":"auto","background-attachment":"scroll","background-type":"","background-media":"","overlay-type":"","overlay-color":"","overlay-opacity":"","overlay-gradient":""},"mobile":{"background-color":"","background-image":"","background-repeat":"repeat","background-position":"center center","background-size":"auto","background-attachment":"scroll","background-type":"","background-media":"","overlay-type":"","overlay-color":"","overlay-opacity":"","overlay-gradient":""}},"ast-content-background-meta":{"desktop":{"background-color":"var(--ast-global-color-5)","background-image":"","background-repeat":"repeat","background-position":"center center","background-size":"auto","background-attachment":"scroll","background-type":"","background-media":"","overlay-type":"","overlay-color":"","overlay-opacity":"","overlay-gradient":""},"tablet":{"background-color":"var(--ast-global-color-5)","background-image":"","background-repeat":"repeat","background-position":"center center","background-size":"auto","background-attachment":"scroll","background-type":"","background-media":"","overlay-type":"","overlay-color":"","overlay-opacity":"","overlay-gradient":""},"mobile":{"background-color":"var(--ast-global-color-5)","background-image":"","background-repeat":"repeat","background-position":"center center","background-size":"auto","background-attachment":"scroll","background-type":"","background-media":"","overlay-type":"","overlay-color":"","overlay-opacity":"","overlay-gradient":""}},"footnotes":""},"class_list":["post-659","page","type-page","status-publish","hentry"],"_links":{"self":[{"href":"https:\/\/cirtaoil.com\/fr\/wp-json\/wp\/v2\/pages\/659","targetHints":{"allow":["GET"]}}],"collection":[{"href":"https:\/\/cirtaoil.com\/fr\/wp-json\/wp\/v2\/pages"}],"about":[{"href":"https:\/\/cirtaoil.com\/fr\/wp-json\/wp\/v2\/types\/page"}],"author":[{"embeddable":true,"href":"https:\/\/cirtaoil.com\/fr\/wp-json\/wp\/v2\/users\/1"}],"replies":[{"embeddable":true,"href":"https:\/\/cirtaoil.com\/fr\/wp-json\/wp\/v2\/comments?post=659"}],"version-history":[{"count":0,"href":"https:\/\/cirtaoil.com\/fr\/wp-json\/wp\/v2\/pages\/659\/revisions"}],"wp:attachment":[{"href":"https:\/\/cirtaoil.com\/fr\/wp-json\/wp\/v2\/media?parent=659"}],"curies":[{"name":"wp","href":"https:\/\/api.w.org\/{rel}","templated":true}]}}